{"id":2,"date":"2011-08-03T21:20:16","date_gmt":"2011-08-03T19:20:16","guid":{"rendered":"http:\/\/www.cisteslovo.sk\/?page_id=2"},"modified":"2016-01-31T15:44:40","modified_gmt":"2016-01-31T14:44:40","slug":"domov","status":"publish","type":"page","link":"https:\/\/www.cisteslovo.sk\/","title":{"rendered":"\u00davod"},"content":{"rendered":"<p style=\"text-align: justify;\">Vitajte na str\u00e1nkach Nad\u00e1cie \u010cist\u00e9 slovo<\/p>\n<p style=\"text-align: justify;\"><em>Poslan\u00edm nad\u00e1cie je s\u00fastre\u010fova\u0165 finan\u010dn\u00e9 prostriedky najm\u00e4 z dvoch percent zaplaten\u00fdch dan\u00ed pr\u00e1vnick\u00fdch a fyzick\u00fdch os\u00f4b a tieto pou\u017e\u00edva\u0165 na podporu a rozvoj novin\u00e1rskej \u010dinnosti a populariz\u00e1cie \u017eurnalistiky v spolo\u010dnosti, ako aj poskytovanie individu\u00e1lne ur\u010denej humanitnej a pe\u0148a\u017enej pomoci soci\u00e1lne odk\u00e1zan\u00fdm alebo zdravotne postihnut\u00fdm novin\u00e1rom.<\/em><\/p>\n<p><strong>\u00da\u010delom nad\u00e1cie je:<\/strong><\/p>\n<ul>\n<li style=\"text-align: justify;\">podpora ochrany a rozvoja duchovn\u00fdch a kult\u00farnych hodn\u00f4t, realiz\u00e1cie a ochrany\u00a0\u013eudsk\u00fdch pr\u00e1v alebo in\u00fdch humanitn\u00fdch cie\u013eov,<\/li>\n<\/ul>\n<ul>\n<li style=\"text-align: justify;\">podpora a rozvoj novin\u00e1rskej \u010dinnosti a populariz\u00e1cia \u017eurnalistiky v spolo\u010dnosti,\u00a0pr\u00edprava vzdel\u00e1vac\u00edch projektov, organizovanie \u017eurnalistick\u00fdch s\u00fa\u0165a\u017e\u00ed, usporad\u00favanie\u00a0\u0161kolen\u00ed a semin\u00e1rov v oblasti \u017eurnalistiky,<\/li>\n<\/ul>\n<ul>\n<li style=\"text-align: justify;\">rozvoj vedy. vzdelania, ako aj podpora \u0161tudentov \u017eurnalistiky, za\u010d\u00ednaj\u00facich novin\u00e1rov\u00a0pri z\u00edskavan\u00ed a vyh\u013ead\u00e1van\u00ed zahrani\u010dn\u00fdch \u0161tudijn\u00fdch alebo pracovn\u00fdch st\u00e1\u017e\u00ed, a to tak\u00a0pe\u0148a\u017en\u00fdmi ako aj nepe\u0148a\u017en\u00fdmi prostriedkami.<\/li>\n<\/ul>\n<ul>\n<li style=\"text-align: justify;\">poskytovanie individu\u00e1lne ur\u010denej humanitnej a pe\u0148a\u017enej pomoci soci\u00e1lne odk\u00e1zan\u00fdm\u00a0alebo zdravotne postihnut\u00fdm novin\u00e1rom, ktor\u00ed v d\u00f4sledku svojho postihnutia nie s\u00fa\u00a0schopn\u00ed sami si zabezpe\u010di\u0165 uspokojovanie z\u00e1kladn\u00fdch \u013eudsk\u00fdch potrieb.<\/li>\n<\/ul>\n<ul>\n<li style=\"text-align: justify;\">Organizova\u0165 a podporova\u0165 s\u00fa\u0165a\u017ee mlad\u00fdch spisovate\u013eov do 35 rokov pod\u013ea kateg\u00f3ri\u00ed.<\/li>\n<\/ul>\n<ul>\n<li style=\"text-align: justify;\">Organizova\u0165 a podporova\u0165 novin\u00e1rske s\u00fa\u0165a\u017ee pod\u013ea kateg\u00f3ri\u00ed.<\/li>\n<\/ul>\n<ul>\n<li style=\"text-align: justify;\">Podporova\u0165 a spolupracova\u0165 s in\u00fdmi nad\u00e1ciami, charitat\u00edvnymi a neziskov\u00fdmi organiz\u00e1ciami.<\/li>\n<\/ul>\n","protected":false},"excerpt":{"rendered":"<p>Vitajte na str\u00e1nkach Nad\u00e1cie \u010cist\u00e9 slovo Poslan\u00edm nad\u00e1cie je s\u00fastre\u010fova\u0165 finan\u010dn\u00e9 prostriedky najm\u00e4 z dvoch percent zaplaten\u00fdch dan\u00ed pr\u00e1vnick\u00fdch a fyzick\u00fdch os\u00f4b a tieto pou\u017e\u00edva\u0165 na podporu a rozvoj novin\u00e1rskej \u010dinnosti a populariz\u00e1cie \u017eurnalistiky v spolo\u010dnosti, ako aj poskytovanie individu\u00e1lne ur\u010denej humanitnej a pe\u0148a\u017enej pomoci soci\u00e1lne odk\u00e1zan\u00fdm alebo zdravotne postihnut\u00fdm novin\u00e1rom. \u00da\u010delom nad\u00e1cie je: podpora [&hellip;]<\/p>\n","protected":false},"author":1,"featured_media":0,"parent":0,"menu_order":0,"comment_status":"closed","ping_status":"closed","template":"","meta":{"footnotes":""},"class_list":["post-2","page","type-page","status-publish","hentry"],"wppr_data":[],"_links":{"self":[{"href":"https:\/\/www.cisteslovo.sk\/index.php?rest_route=\/wp\/v2\/pages\/2","targetHints":{"allow":["GET"]}}],"collection":[{"href":"https:\/\/www.cisteslovo.sk\/index.php?rest_route=\/wp\/v2\/pages"}],"about":[{"href":"https:\/\/www.cisteslovo.sk\/index.php?rest_route=\/wp\/v2\/types\/page"}],"author":[{"embeddable":true,"href":"https:\/\/www.cisteslovo.sk\/index.php?rest_route=\/wp\/v2\/users\/1"}],"replies":[{"embeddable":true,"href":"https:\/\/www.cisteslovo.sk\/index.php?rest_route=%2Fwp%2Fv2%2Fcomments&post=2"}],"version-history":[{"count":21,"href":"https:\/\/www.cisteslovo.sk\/index.php?rest_route=\/wp\/v2\/pages\/2\/revisions"}],"predecessor-version":[{"id":97,"href":"https:\/\/www.cisteslovo.sk\/index.php?rest_route=\/wp\/v2\/pages\/2\/revisions\/97"}],"wp:attachment":[{"href":"https:\/\/www.cisteslovo.sk\/index.php?rest_route=%2Fwp%2Fv2%2Fmedia&parent=2"}],"curies":[{"name":"wp","href":"https:\/\/api.w.org\/{rel}","templated":true}]}}