{"id":41,"date":"2011-08-04T00:59:12","date_gmt":"2011-08-03T22:59:12","guid":{"rendered":"http:\/\/www.cisteslovo.sk\/?page_id=41"},"modified":"2019-06-26T21:38:57","modified_gmt":"2019-06-26T19:38:57","slug":"podporte-nas-2","status":"publish","type":"page","link":"https:\/\/www.cisteslovo.sk\/?page_id=41","title":{"rendered":"Podporte n\u00e1s 2%"},"content":{"rendered":"<p>V tejto sekcii n\u00e1jdete pr\u00edslu\u0161n\u00e9 tla\u010divo<\/p>\n<p>\u010eakujem V\u00e1m.<\/p>\n<ul>\n<li>Vyhl\u00e1senie o pouk\u00e1zan\u00ed &nbsp;podielu zaplatenej dane z pr\u00edjmov fyzickej osoby (<span style=\"color: #ff6600;\">&gt;<\/span><a href=\"http:\/\/www.cisteslovo.sk\/wp-content\/uploads\/2016\/02\/dve_percenta_vyhlasenie.pdf\">stiahnu\u0165<\/a><span style=\"color: #ff6600;\">&lt;<\/span>)<\/li>\n<li>Potvrdenie o zaplaten\u00ed dane z pr\u00edjmov zo z\u00e1vislej \u010dinnosti (<span style=\"color: #ff6600;\">&gt;<\/span><a href=\"http:\/\/www.cisteslovo.sk\/wp-content\/uploads\/2016\/02\/potvrdenie_o_zaplateni_dane_z_prijmov_2015.rtf\">stiahnu\u0165<\/a><span style=\"color: #ff6600;\">&lt;<\/span>)<\/li>\n<\/ul>\n<h3>\u00dadaje o prij\u00edmate\u013eovi:<\/h3>\n<p>Obchodn\u00e9 meno: <strong>Nad\u00e1cia \u010cist\u00e9 slovo<\/strong><br \/>\nS\u00eddlo: <strong>\u017dupn\u00e9 n\u00e1m. 7, 811 03 Bratislava<\/strong><br \/>\nPravna forma: <strong>nad\u00e1cia<\/strong><br \/>\nIdentifika\u010dn\u00e9 \u010d\u00edslo prij\u00edmate\u013ea: <strong>30794412<\/strong><\/p>\n<p>Vyhl\u00e1senie na pouk\u00e1zanie 2% z dani je ur\u010den\u00e9 zamestnancom, ktor\u00fdm da\u0148ove priznanie rob\u00ed zamestn\u00e1vate\u013e. K uveden\u00e9mu vyhl\u00e1seniu je potrebn\u00e9 doda\u0165 od zamestn\u00e1vate\u013ea Potvrdenie o zaplaten\u00ed dan\u00ed, ktor\u00e9 je pr\u00edlohou vyhl\u00e1senia.<\/p>\n<p>Pokia\u013e pod\u00e1vate da\u0148ov\u00e9 priznanie samostatne, je uveden\u00e9 vyhl\u00e1senie s\u00fa\u010das\u0165ou da\u0148ov\u00e9ho priznania. Do da\u0148ov\u00e9ho priznania prevezmite \u00fadaje o nad\u00e1cii z prilo\u017een\u00e9ho vyhl\u00e1senia.<\/p>\n<h3>&nbsp;Prijat\u00e9 pr\u00edspevky z 2%<\/h3>\n<table>\n<tbody>\n<tr>\n<th>rok<\/th>\n<th>suma pr\u00edspevku<\/th>\n<\/tr>\n<tr>\n<td>2018<\/td>\n<td>2 278,95 \u20ac<\/td>\n<\/tr>\n<tr>\n<td>2017<\/td>\n<td>1 152,22 \u20ac<\/td>\n<\/tr>\n<tr>\n<td>2016<\/td>\n<td>1 520,87 \u20ac<\/td>\n<\/tr>\n<tr>\n<td>2015<\/td>\n<td>567,65 \u20ac<\/td>\n<\/tr>\n<tr>\n<td>2014<\/td>\n<td>3 411,76 \u20ac<\/td>\n<\/tr>\n<tr>\n<td>2013<\/td>\n<td>3 471,74 \u20ac<\/td>\n<\/tr>\n<tr>\n<td>2012<\/td>\n<td>3 419,19 \u20ac<\/td>\n<\/tr>\n<tr>\n<td>2011<\/td>\n<td>6 306,69 \u20ac<\/td>\n<\/tr>\n<tr>\n<td>2010<\/td>\n<td>4 811,10 \u20ac<\/td>\n<\/tr>\n<tr>\n<td>2009<\/td>\n<td>6 846,51 \u20ac<\/td>\n<\/tr>\n<tr>\n<td>2008<\/td>\n<td>280 795 Sk<\/td>\n<\/tr>\n<tr>\n<td>2007<\/td>\n<td>109 732 Sk<\/td>\n<\/tr>\n<tr>\n<td>2006<\/td>\n<td>172 997 Sk<\/td>\n<\/tr>\n<tr>\n<td>2005<\/td>\n<td>250 000 Sk<\/td>\n<\/tr>\n<\/tbody>\n<\/table>\n","protected":false},"excerpt":{"rendered":"<p>V tejto sekcii n\u00e1jdete pr\u00edslu\u0161n\u00e9 tla\u010divo \u010eakujem V\u00e1m. Vyhl\u00e1senie o pouk\u00e1zan\u00ed &nbsp;podielu zaplatenej dane z pr\u00edjmov fyzickej osoby (&gt;stiahnu\u0165&lt;) Potvrdenie o zaplaten\u00ed dane z pr\u00edjmov zo z\u00e1vislej \u010dinnosti (&gt;stiahnu\u0165&lt;) \u00dadaje o prij\u00edmate\u013eovi: Obchodn\u00e9 meno: Nad\u00e1cia \u010cist\u00e9 slovo S\u00eddlo: \u017dupn\u00e9 n\u00e1m. 7, 811 03 Bratislava Pravna forma: nad\u00e1cia Identifika\u010dn\u00e9 \u010d\u00edslo prij\u00edmate\u013ea: 30794412 Vyhl\u00e1senie na pouk\u00e1zanie 2% [&hellip;]<\/p>\n","protected":false},"author":1,"featured_media":0,"parent":0,"menu_order":2,"comment_status":"closed","ping_status":"closed","template":"","meta":{"footnotes":""},"class_list":["post-41","page","type-page","status-publish","hentry"],"wppr_data":{"cwp_meta_box_check":"No"},"_links":{"self":[{"href":"https:\/\/www.cisteslovo.sk\/index.php?rest_route=\/wp\/v2\/pages\/41","targetHints":{"allow":["GET"]}}],"collection":[{"href":"https:\/\/www.cisteslovo.sk\/index.php?rest_route=\/wp\/v2\/pages"}],"about":[{"href":"https:\/\/www.cisteslovo.sk\/index.php?rest_route=\/wp\/v2\/types\/page"}],"author":[{"embeddable":true,"href":"https:\/\/www.cisteslovo.sk\/index.php?rest_route=\/wp\/v2\/users\/1"}],"replies":[{"embeddable":true,"href":"https:\/\/www.cisteslovo.sk\/index.php?rest_route=%2Fwp%2Fv2%2Fcomments&post=41"}],"version-history":[{"count":17,"href":"https:\/\/www.cisteslovo.sk\/index.php?rest_route=\/wp\/v2\/pages\/41\/revisions"}],"predecessor-version":[{"id":131,"href":"https:\/\/www.cisteslovo.sk\/index.php?rest_route=\/wp\/v2\/pages\/41\/revisions\/131"}],"wp:attachment":[{"href":"https:\/\/www.cisteslovo.sk\/index.php?rest_route=%2Fwp%2Fv2%2Fmedia&parent=41"}],"curies":[{"name":"wp","href":"https:\/\/api.w.org\/{rel}","templated":true}]}}