{"id":8,"date":"2011-08-03T23:29:17","date_gmt":"2011-08-03T21:29:17","guid":{"rendered":"http:\/\/www.cisteslovo.sk\/?page_id=8"},"modified":"2017-02-22T20:03:12","modified_gmt":"2017-02-22T19:03:12","slug":"kontakt","status":"publish","type":"page","link":"https:\/\/www.cisteslovo.sk\/?page_id=8","title":{"rendered":"Kontakt"},"content":{"rendered":"<h3>Nad\u00e1cia \u010dist\u00e9 slovo<\/h3>\n<p>\u017dupn\u00e9 n\u00e1m. 7, 811 03 Bratislava<\/p>\n<p>&nbsp;<\/p>\n<h3>Faktura\u010dn\u00e9 \u00fadaje:<\/h3>\n<p><strong>I\u010cO:<\/strong> 30794412<\/p>\n<p><strong>DI\u010c:<\/strong> 2021923981<\/p>\n<p><strong>Registr\u00e1cia:<\/strong> MV SR zo d\u0148a 6.8.2003 pod \u010d. 203\/Na-2002\/728-3.<\/p>\n<p><strong>\u010c\u00edslo \u00fa\u010dtu:<\/strong> 6621849004 \/ 1111 v UniCredit Bank Slovakia a.s.<\/p>\n<p>Nad\u00e1cia nie je platite\u013eom DPH<\/p>\n<p><strong>IBAN:<\/strong> SK 84 1111 0000\u00a0 0066 2184 9004<\/p>\n<p><strong>BIC:<\/strong> UNCRSKBX<\/p>\n","protected":false},"excerpt":{"rendered":"<p>Nad\u00e1cia \u010dist\u00e9 slovo \u017dupn\u00e9 n\u00e1m. 7, 811 03 Bratislava &nbsp; Faktura\u010dn\u00e9 \u00fadaje: I\u010cO: 30794412 DI\u010c: 2021923981 Registr\u00e1cia: MV SR zo d\u0148a 6.8.2003 pod \u010d. 203\/Na-2002\/728-3. \u010c\u00edslo \u00fa\u010dtu: 6621849004 \/ 1111 v UniCredit Bank Slovakia a.s. Nad\u00e1cia nie je platite\u013eom DPH IBAN: SK 84 1111 0000\u00a0 0066 2184 9004 BIC: UNCRSKBX<\/p>\n","protected":false},"author":1,"featured_media":0,"parent":0,"menu_order":10,"comment_status":"closed","ping_status":"closed","template":"","meta":{"footnotes":""},"class_list":["post-8","page","type-page","status-publish","hentry"],"wppr_data":[],"_links":{"self":[{"href":"https:\/\/www.cisteslovo.sk\/index.php?rest_route=\/wp\/v2\/pages\/8","targetHints":{"allow":["GET"]}}],"collection":[{"href":"https:\/\/www.cisteslovo.sk\/index.php?rest_route=\/wp\/v2\/pages"}],"about":[{"href":"https:\/\/www.cisteslovo.sk\/index.php?rest_route=\/wp\/v2\/types\/page"}],"author":[{"embeddable":true,"href":"https:\/\/www.cisteslovo.sk\/index.php?rest_route=\/wp\/v2\/users\/1"}],"replies":[{"embeddable":true,"href":"https:\/\/www.cisteslovo.sk\/index.php?rest_route=%2Fwp%2Fv2%2Fcomments&post=8"}],"version-history":[{"count":15,"href":"https:\/\/www.cisteslovo.sk\/index.php?rest_route=\/wp\/v2\/pages\/8\/revisions"}],"predecessor-version":[{"id":116,"href":"https:\/\/www.cisteslovo.sk\/index.php?rest_route=\/wp\/v2\/pages\/8\/revisions\/116"}],"wp:attachment":[{"href":"https:\/\/www.cisteslovo.sk\/index.php?rest_route=%2Fwp%2Fv2%2Fmedia&parent=8"}],"curies":[{"name":"wp","href":"https:\/\/api.w.org\/{rel}","templated":true}]}}